{"id":100,"date":"2020-09-16T16:35:22","date_gmt":"2020-09-16T15:35:22","guid":{"rendered":"https:\/\/gcenjoy.com\/terms-conditions\/"},"modified":"2024-02-05T11:31:46","modified_gmt":"2024-02-05T11:31:46","slug":"terminos-y-condiciones","status":"publish","type":"page","link":"https:\/\/sunfun.es\/es\/terminos-y-condiciones\/","title":{"rendered":"T\u00e9rminos y Condiciones"},"content":{"rendered":"<style>\/*! elementor - v3.6.5 - 27-04-2022 *\/<br \/>\n.elementor-heading-title{padding:0;margin:0;line-height:1}.elementor-widget-heading .elementor-heading-title[class*=elementor-size-]>a{color:inherit;font-size:inherit;line-height:inherit}.elementor-widget-heading .elementor-heading-title.elementor-size-small{font-size:15px}.elementor-widget-heading .elementor-heading-title.elementor-size-medium{font-size:19px}.elementor-widget-heading .elementor-heading-title.elementor-size-large{font-size:29px}.elementor-widget-heading .elementor-heading-title.elementor-size-xl{font-size:39px}.elementor-widget-heading .elementor-heading-title.elementor-size-xxl{font-size:59px}<\/style>\n<h3>T\u00e9rminos y Condiciones<\/h3>\n<p>SUN FUN \u00ae y su logotipo son marcas registradas propiedad de VINCENZO GRILLO con DNI: X2103129D<\/p>\n<p>Las presentes condiciones generales de uso regulan el acceso y uso de los diversos contenidos y servicios incluidos o accesibles a trav\u00e9s del sitio web desarrollado por SUN FUN \u00ae, localizado en la direcci\u00f3n https:\/\/www.valentinoa22.sg-host.com (en adelante, el \u201cSitio Web\u201d o \u201cP\u00e1gina Web\u201d).<\/p>\n<h5>Aceptaci\u00f3n del usuario<\/h5>\n<p>Por la mera utilizaci\u00f3n del Sitio Web usted adquiere la condici\u00f3n de usuario. La utilizaci\u00f3n del Sitio Web y de cualquiera de los servicios del mismo significa su aceptaci\u00f3n como usuario, sin reservas de ninguna clase, de todas y cada una de las presentes condiciones generales, as\u00ed como de las condiciones particulares que, en su caso, rijan la utilizaci\u00f3n del Sitio Web o de los servicios vinculados al mismo.<\/p>\n<h5>Obligaciones del Usuario<\/h5>\n<p>El usuario se obliga, con car\u00e1cter general, a utilizar el Sitio Web as\u00ed como los servicios vinculados al mismo de forma diligente, de conformidad con la ley, la moral, el orden p\u00fablico y lo dispuesto en estas condiciones generales y en las particulares que sean de aplicaci\u00f3n, debiendo, asimismo, abstenerse de utilizarlos en cualquier forma que pueda impedir el normal funcionamiento y disfrute por parte de los usuarios del Sitio Web y de los servicios vinculados al mismo, o que pudiera lesionar o causar da\u00f1os a los bienes y derechos de SUN FUN \u00ae, de sus proveedores, usuarios o, en general, de cualquier tercero. M\u00e1s en particular, pero sin que esta enumeraci\u00f3n limite el alcance general de la obligaci\u00f3n dispuesta en el p\u00e1rrafo anterior, el usuario se obliga en la utilizaci\u00f3n del Sitio Web y de los servicios vinculados al mismo, a: No introducir, almacenar o difundir mediante el Sitio Web o a trav\u00e9s de cualquiera de los servicios vinculados al mismo ning\u00fan programa de ordenador, dato, virus, c\u00f3digo, o cualquier otro instrumento o dispositivo electr\u00f3nico que sea susceptible de causar da\u00f1os en el sitio web, en cualquiera de los servicios vinculados al mismo o en cualesquiera equipos, sistemas o redes de SUN FUN \u00ae, de cualquier usuario, de sus proveedores o en general de cualquier tercero, o que de otra forma sea capaz de causarles cualquier tipo de alteraci\u00f3n o impedir el normal funcionamiento del mismo. No destruir, alterar, inutilizar o da\u00f1ar los datos, informaciones, programas o documentos electr\u00f3nicos de SUN FUN \u00ae, de sus proveedores o de terceros. No utilizar los contenidos y en particular la informaci\u00f3n obtenida a trav\u00e9s del Sitio Web para remitir publicidad, enviar mensajes con fines de venta o con cualquier otro fin comercial, ni para recoger o almacenar datos personales de terceros. El usuario responder\u00e1 de los da\u00f1os y perjuicios de toda naturaleza que pueda sufrir directa o indirectamente, como consecuencia del incumplimiento de cualquiera de las obligaciones derivadas de las condiciones generales o particulares en relaci\u00f3n con la utilizaci\u00f3n del Sitio Web o de cualquiera de los servicios vinculados al mismo. Igualmente, el usuario mantendr\u00e1 a SUN FUN \u00ae indemne frente a cualquier sanci\u00f3n, reclamaci\u00f3n o demanda que pudiera interponerse por un tercero, incluidos cualesquiera organismos p\u00fablicos como consecuencia de la violaci\u00f3n de cualesquiera derechos de terceros por parte de dicho usuario mediante la utilizaci\u00f3n del Sitio Web o de los servicios vinculados al mismo en una forma contraria a lo previsto en las condiciones generales o particulares que fueran de aplicaci\u00f3n.<\/p>\n<h5>Propiedad Intelectual e Industrial<\/h5>\n<p>SUN FUN \u00ae es titular de todos los derechos de propiedad intelectual e Industrial o de cualquier otro tipo sobre el presente Sitio Web. Salvo que fuera expresamente autorizado por SUN FUN \u00ae o, en su caso, por los terceros titulares de los derechos correspondientes, o a menos que ello resulte legalmente permitido, queda expresamente prohibido reproducir, transformar, modificar, desensamblar, realizar ingenier\u00eda inversa, distribuir, alquilar, prestar, poner a disposici\u00f3n o permitir el acceso al p\u00fablico a trav\u00e9s de cualquier modalidad de comunicaci\u00f3n p\u00fablica de ninguno de los elementos referidos en el p\u00e1rrafo anterior. El usuario deber\u00e1 utilizar los materiales, elementos e informaci\u00f3n a la que acceda a trav\u00e9s de la utilizaci\u00f3n del Sitio Web y de cada uno de los correspondientes servicios \u00fanicamente para sus propias necesidades, oblig\u00e1ndose a no realizar ni directa ni indirectamente una explotaci\u00f3n comercial ni de los servicios ni de los materiales, elementos e informaci\u00f3n obtenidos a trav\u00e9s de los mismos.<\/p>\n<h5>Modificaci\u00f3n de las condiciones de uso<\/h5>\n<p>SUN FUN \u00ae se reserva el derecho a modificar unilateralmente la presentaci\u00f3n y configuraci\u00f3n del Sitio Web, as\u00ed como los correspondientes servicios y las condiciones requeridas para su uso, sin que de ello se derive derecho alguno de compensaci\u00f3n a favor del usuario.<\/p>\n<h5>Exclusi\u00f3n de Garant\u00edas<\/h5>\n<p>SUN FUN \u00ae se compromete a llevar a cabo todos los esfuerzos necesarios para garantizar la disponibilidad y continuidad del Sitio Web as\u00ed como de los servicios vinculados al mismo. No obstante, SUN FUN \u00ae no puede garantizar que el Sitio Web y los servicios vinculados al mismo funcionen correctamente en todo momento, ni que el usuario pueda acceder a ellos y utilizarlos de forma r\u00e1pida, ininterrumpida y libre de errores. De la misma forma, SUN FUN \u00ae no otorga ninguna garant\u00eda respecto a la idoneidad y contenido del Sitio Web o de cualquiera de los servicios vinculados al mismo para la satisfacci\u00f3n de las necesidades espec\u00edficas del usuario. SUN FUN \u00ae actuar\u00e1 diligentemente para evitar la presencia en el Sitio Web o en alguno de los servicios vinculados al mismo de virus u otros elementos lesivos que pudieran causar alteraciones en el sistema inform\u00e1tico del usuario, en sus documentos electr\u00f3nicos o en sus ficheros, pero no puede garantizar la ausencia de tales elementos, no siendo responsable por los da\u00f1os y perjuicios que ello pudiera ocasionar. SUN FUN \u00ae no controla, ni hace propios, ni garantiza la exactitud, calidad, veracidad, fiabilidad o idoneidad de las informaciones y servicios facilitados o prestados por terceros a trav\u00e9s del Sitio Web. De igual forma, no controla y no garantiza la ausencia de virus u otros elementos lesivos en los contenidos o servicios facilitados o prestados por terceros a trav\u00e9s del Sitio Web.<\/p>\n<h5>Enlaces de terceros<\/h5>\n<p>SUN FUN \u00ae no garantiza la disponibilidad t\u00e9cnica, calidad, fiabilidad, exactitud o veracidad de los contenidos y servicios disponibles en sitios pertenecientes o gestionados por terceros a los que el usuario pueda acceder mediante dispositivos t\u00e9cnicos de enlace (\u00ablinks\u00bb) desde el Sitio Web, ni controla el contenido de dichos sitios web ni ofrece ni comercializa los productos y servicios disponibles en los sitios web as\u00ed enlazados, ni asume en consecuencia responsabilidad alguna por los mismos. Para cualquier cuesti\u00f3n en relaci\u00f3n con las presentes condiciones de uso, puede dirigirse a SUN FUN \u00ae a trav\u00e9s de la siguiente direcci\u00f3n de correo electr\u00f3nico: info@valentinoa22.sg-host.com<\/p>\n<h5>Ley aplicable y jurisdicci\u00f3n<\/h5>\n<p>La relaci\u00f3n entre SUN FUN \u00ae y los usuarios del presente Sitio Web se regir\u00e1 por la normativa espa\u00f1ola. Las eventuales controversias que pudieran surgir de dicha relaci\u00f3n se someter\u00e1n a los Juzgados y Tribunales de Las Palmas de Gran Canaria.<\/p>\n","protected":false},"excerpt":{"rendered":"<p>T\u00e9rminos y Condiciones SUN FUN \u00ae y su logotipo son marcas registradas propiedad de VINCENZO GRILLO con DNI: X2103129D Las presentes condiciones generales de uso regulan el acceso y uso de los diversos contenidos y servicios incluidos o accesibles a trav\u00e9s del sitio web desarrollado por SUN FUN \u00ae, localizado en la direcci\u00f3n https:\/\/www.valentinoa22.sg-host.com (en [&hellip;]<\/p>\n","protected":false},"author":1,"featured_media":0,"parent":0,"menu_order":31,"comment_status":"closed","ping_status":"closed","template":"","meta":{"footnotes":""},"class_list":["post-100","page","type-page","status-publish","hentry"],"yoast_head":"<!-- This site is optimized with the Yoast SEO plugin v27.5 - https:\/\/yoast.com\/product\/yoast-seo-wordpress\/ -->\n<title>T\u00e9rminos y Condiciones | SUNFUN<\/title>\n<meta name=\"robots\" content=\"noindex, nofollow\" \/>\n<meta property=\"og:locale\" content=\"es_ES\" \/>\n<meta property=\"og:type\" content=\"article\" \/>\n<meta property=\"og:title\" content=\"T\u00e9rminos y Condiciones | SUNFUN\" \/>\n<meta property=\"og:description\" content=\"T\u00e9rminos y Condiciones SUN FUN \u00ae y su logotipo son marcas registradas propiedad de VINCENZO GRILLO con DNI: X2103129D Las presentes condiciones generales de uso regulan el acceso y uso de los diversos contenidos y servicios incluidos o accesibles a trav\u00e9s del sitio web desarrollado por SUN FUN \u00ae, localizado en la direcci\u00f3n https:\/\/www.valentinoa22.sg-host.com (en [&hellip;]\" \/>\n<meta property=\"og:url\" content=\"https:\/\/sunfun.es\/es\/terminos-y-condiciones\/\" \/>\n<meta property=\"og:site_name\" content=\"SUNFUN\" \/>\n<meta property=\"article:modified_time\" content=\"2024-02-05T11:31:46+00:00\" \/>\n<meta property=\"og:image\" content=\"https:\/\/sunfun.es\/wp-content\/uploads\/2024\/02\/LogoSEO.png\" \/>\n\t<meta property=\"og:image:width\" content=\"1200\" \/>\n\t<meta property=\"og:image:height\" content=\"675\" \/>\n\t<meta property=\"og:image:type\" content=\"image\/png\" \/>\n<meta name=\"twitter:card\" content=\"summary_large_image\" \/>\n<meta name=\"twitter:label1\" content=\"Tiempo de lectura\" \/>\n\t<meta name=\"twitter:data1\" content=\"6 minutos\" \/>\n<script type=\"application\/ld+json\" class=\"yoast-schema-graph\">{\"@context\":\"https:\\\/\\\/schema.org\",\"@graph\":[{\"@type\":\"WebPage\",\"@id\":\"https:\\\/\\\/sunfun.es\\\/terminos-y-condiciones\\\/\",\"url\":\"https:\\\/\\\/sunfun.es\\\/terminos-y-condiciones\\\/\",\"name\":\"T\u00e9rminos y Condiciones | SUNFUN\",\"isPartOf\":{\"@id\":\"https:\\\/\\\/sunfun.es\\\/#website\"},\"datePublished\":\"2020-09-16T15:35:22+00:00\",\"dateModified\":\"2024-02-05T11:31:46+00:00\",\"breadcrumb\":{\"@id\":\"https:\\\/\\\/sunfun.es\\\/terminos-y-condiciones\\\/#breadcrumb\"},\"inLanguage\":\"es\",\"potentialAction\":[{\"@type\":\"ReadAction\",\"target\":[\"https:\\\/\\\/sunfun.es\\\/terminos-y-condiciones\\\/\"]}]},{\"@type\":\"BreadcrumbList\",\"@id\":\"https:\\\/\\\/sunfun.es\\\/terminos-y-condiciones\\\/#breadcrumb\",\"itemListElement\":[{\"@type\":\"ListItem\",\"position\":1,\"name\":\"Portada\",\"item\":\"https:\\\/\\\/sunfun.es\\\/\"},{\"@type\":\"ListItem\",\"position\":2,\"name\":\"T\u00e9rminos y Condiciones\"}]},{\"@type\":\"WebSite\",\"@id\":\"https:\\\/\\\/sunfun.es\\\/#website\",\"url\":\"https:\\\/\\\/sunfun.es\\\/\",\"name\":\"SUNFUN\",\"description\":\"\u00a1Vive Gran Canaria!\",\"publisher\":{\"@id\":\"https:\\\/\\\/sunfun.es\\\/#organization\"},\"potentialAction\":[{\"@type\":\"SearchAction\",\"target\":{\"@type\":\"EntryPoint\",\"urlTemplate\":\"https:\\\/\\\/sunfun.es\\\/?s={search_term_string}\"},\"query-input\":{\"@type\":\"PropertyValueSpecification\",\"valueRequired\":true,\"valueName\":\"search_term_string\"}}],\"inLanguage\":\"es\"},{\"@type\":\"Organization\",\"@id\":\"https:\\\/\\\/sunfun.es\\\/#organization\",\"name\":\"SUNFUN\",\"url\":\"https:\\\/\\\/sunfun.es\\\/\",\"logo\":{\"@type\":\"ImageObject\",\"inLanguage\":\"es\",\"@id\":\"https:\\\/\\\/sunfun.es\\\/#\\\/schema\\\/logo\\\/image\\\/\",\"url\":\"https:\\\/\\\/sunfun.es\\\/wp-content\\\/uploads\\\/2024\\\/02\\\/LogoSEOPro.png\",\"contentUrl\":\"https:\\\/\\\/sunfun.es\\\/wp-content\\\/uploads\\\/2024\\\/02\\\/LogoSEOPro.png\",\"width\":696,\"height\":696,\"caption\":\"SUNFUN\"},\"image\":{\"@id\":\"https:\\\/\\\/sunfun.es\\\/#\\\/schema\\\/logo\\\/image\\\/\"},\"sameAs\":[\"https:\\\/\\\/www.instagram.com\\\/valentinoa22.sg-host.com\\\/\"]}]}<\/script>\n<!-- \/ Yoast SEO plugin. -->","yoast_head_json":{"title":"T\u00e9rminos y Condiciones | SUNFUN","robots":{"index":"noindex","follow":"nofollow"},"og_locale":"es_ES","og_type":"article","og_title":"T\u00e9rminos y Condiciones | SUNFUN","og_description":"T\u00e9rminos y Condiciones SUN FUN \u00ae y su logotipo son marcas registradas propiedad de VINCENZO GRILLO con DNI: X2103129D Las presentes condiciones generales de uso regulan el acceso y uso de los diversos contenidos y servicios incluidos o accesibles a trav\u00e9s del sitio web desarrollado por SUN FUN \u00ae, localizado en la direcci\u00f3n https:\/\/www.valentinoa22.sg-host.com (en [&hellip;]","og_url":"https:\/\/sunfun.es\/es\/terminos-y-condiciones\/","og_site_name":"SUNFUN","article_modified_time":"2024-02-05T11:31:46+00:00","og_image":[{"width":1200,"height":675,"url":"https:\/\/sunfun.es\/wp-content\/uploads\/2024\/02\/LogoSEO.png","type":"image\/png"}],"twitter_card":"summary_large_image","twitter_misc":{"Tiempo de lectura":"6 minutos"},"schema":{"@context":"https:\/\/schema.org","@graph":[{"@type":"WebPage","@id":"https:\/\/sunfun.es\/terminos-y-condiciones\/","url":"https:\/\/sunfun.es\/terminos-y-condiciones\/","name":"T\u00e9rminos y Condiciones | SUNFUN","isPartOf":{"@id":"https:\/\/sunfun.es\/#website"},"datePublished":"2020-09-16T15:35:22+00:00","dateModified":"2024-02-05T11:31:46+00:00","breadcrumb":{"@id":"https:\/\/sunfun.es\/terminos-y-condiciones\/#breadcrumb"},"inLanguage":"es","potentialAction":[{"@type":"ReadAction","target":["https:\/\/sunfun.es\/terminos-y-condiciones\/"]}]},{"@type":"BreadcrumbList","@id":"https:\/\/sunfun.es\/terminos-y-condiciones\/#breadcrumb","itemListElement":[{"@type":"ListItem","position":1,"name":"Portada","item":"https:\/\/sunfun.es\/"},{"@type":"ListItem","position":2,"name":"T\u00e9rminos y Condiciones"}]},{"@type":"WebSite","@id":"https:\/\/sunfun.es\/#website","url":"https:\/\/sunfun.es\/","name":"SUNFUN","description":"\u00a1Vive Gran Canaria!","publisher":{"@id":"https:\/\/sunfun.es\/#organization"},"potentialAction":[{"@type":"SearchAction","target":{"@type":"EntryPoint","urlTemplate":"https:\/\/sunfun.es\/?s={search_term_string}"},"query-input":{"@type":"PropertyValueSpecification","valueRequired":true,"valueName":"search_term_string"}}],"inLanguage":"es"},{"@type":"Organization","@id":"https:\/\/sunfun.es\/#organization","name":"SUNFUN","url":"https:\/\/sunfun.es\/","logo":{"@type":"ImageObject","inLanguage":"es","@id":"https:\/\/sunfun.es\/#\/schema\/logo\/image\/","url":"https:\/\/sunfun.es\/wp-content\/uploads\/2024\/02\/LogoSEOPro.png","contentUrl":"https:\/\/sunfun.es\/wp-content\/uploads\/2024\/02\/LogoSEOPro.png","width":696,"height":696,"caption":"SUNFUN"},"image":{"@id":"https:\/\/sunfun.es\/#\/schema\/logo\/image\/"},"sameAs":["https:\/\/www.instagram.com\/valentinoa22.sg-host.com\/"]}]}},"_links":{"self":[{"href":"https:\/\/sunfun.es\/es\/wp-json\/wp\/v2\/pages\/100","targetHints":{"allow":["GET"]}}],"collection":[{"href":"https:\/\/sunfun.es\/es\/wp-json\/wp\/v2\/pages"}],"about":[{"href":"https:\/\/sunfun.es\/es\/wp-json\/wp\/v2\/types\/page"}],"author":[{"embeddable":true,"href":"https:\/\/sunfun.es\/es\/wp-json\/wp\/v2\/users\/1"}],"replies":[{"embeddable":true,"href":"https:\/\/sunfun.es\/es\/wp-json\/wp\/v2\/comments?post=100"}],"version-history":[{"count":2,"href":"https:\/\/sunfun.es\/es\/wp-json\/wp\/v2\/pages\/100\/revisions"}],"predecessor-version":[{"id":9142,"href":"https:\/\/sunfun.es\/es\/wp-json\/wp\/v2\/pages\/100\/revisions\/9142"}],"wp:attachment":[{"href":"https:\/\/sunfun.es\/es\/wp-json\/wp\/v2\/media?parent=100"}],"curies":[{"name":"wp","href":"https:\/\/api.w.org\/{rel}","templated":true}]}}