{"id":8067,"date":"2022-06-02T16:49:04","date_gmt":"2022-06-02T15:49:04","guid":{"rendered":"https:\/\/sunfun.es\/?page_id=8067"},"modified":"2024-02-05T11:31:36","modified_gmt":"2024-02-05T11:31:36","slug":"politica-de-privacidad","status":"publish","type":"page","link":"https:\/\/sunfun.es\/es\/politica-de-privacidad\/","title":{"rendered":"Pol\u00edtica de Privacidad"},"content":{"rendered":"<style>\/*! elementor - v3.6.5 - 27-04-2022 *\/\n.elementor-heading-title{padding:0;margin:0;line-height:1}.elementor-widget-heading .elementor-heading-title[class*=elementor-size-]>a{color:inherit;font-size:inherit;line-height:inherit}.elementor-widget-heading .elementor-heading-title.elementor-size-small{font-size:15px}.elementor-widget-heading .elementor-heading-title.elementor-size-medium{font-size:19px}.elementor-widget-heading .elementor-heading-title.elementor-size-large{font-size:29px}.elementor-widget-heading .elementor-heading-title.elementor-size-xl{font-size:39px}.elementor-widget-heading .elementor-heading-title.elementor-size-xxl{font-size:59px}<\/style>\n<h3>Pol\u00edtica de Privacidad<\/h3>\n<h5>Introducci\u00f3n<\/h5>\n<p>A continuaci\u00f3n,\u00a0SUN FUN \u00ae pone a disposici\u00f3n de los usuarios la presente Pol\u00edtica de Privacidad, en la que se facilita informaci\u00f3n sobre el uso y tratamiento que realizaremos de sus datos personales en su condici\u00f3n de usuario de la presente p\u00e1gina web (en adelante \u201cla \u201cweb\u201d o el \u201cportal\u201d), as\u00ed como informaci\u00f3n relativa a los derechos que le asisten como usuario en virtud del Reglamento General de Protecci\u00f3n de Datos (en adelante \u201cRGPD\u201d), por lo que le invitamos a leer detenidamente la misma. Para cualquier duda en relaci\u00f3n con el tratamiento de sus datos personales, puede contactar con nosotros a trav\u00e9s de la siguiente direcci\u00f3n de correo electr\u00f3nico: info@valentinoa22.sg-host.com<\/p>\n<h5>Responsable de tratamiento<\/h5>\n<p>El responsable de tratamiento de los datos obtenidos a trav\u00e9s de la presente p\u00e1gina web es la marca SUN FUN \u00ae cuya representaci\u00f3n legal corresponde a VICENZO GRILLO con D.N.I.: X2103129D, Calle, Dr.Agust\u00edn Millares Carlo n\u00b02\u00a0Bungalow 145,\u00a0Complejo Sonemar,\u00a0Sonnenland, Las Palmas de Gran Canaria (Espa\u00f1a).<\/p>\n<h5>Tipos de datos recogidos<\/h5>\n<p>Los datos personales que SUN FUN \u00ae recoge y trata a trav\u00e9s de la presente p\u00e1gina web se corresponden con datos identificativos de los usuarios tales como nombre, apellidos, direcci\u00f3n de correo electr\u00f3nico, n\u00famero de tel\u00e9fono, direcci\u00f3n IP, etc., facilitados por los propios usuarios en el momento de suscribirse a los boletines de noticias y newsletters de la firma o bien de cumplimentaci\u00f3n y env\u00edo del formulario de contacto.<\/p>\n<p>Para la recogida u obtenci\u00f3n de estos datos, SUN FUN \u00ae requerir\u00e1 siempre previamente al usuario, con la informaci\u00f3n necesaria al efecto, para que consienta a su tratamiento.<\/p>\n<h5>Finalidad del tratamiento<\/h5>\n<p>Los datos personales obtenidos a trav\u00e9s de la presente p\u00e1gina web ser\u00e1n tratados por SUN FUN \u00ae con la finalidad de responder a solicitudes de informaci\u00f3n o consultas planteadas a trav\u00e9s del formulario de contacto, as\u00ed como para el env\u00edo peri\u00f3dico de boletines informativos, newsletters y otras publicaciones de actualidad jur\u00eddica de la firma.<\/p>\n<h5>Legitimaci\u00f3n<\/h5>\n<p>La legitimaci\u00f3n o base jur\u00eddica que permite a SUN FUN \u00ae el tratamiento de los datos personales recabados de los usuarios es el consentimiento expreso dado por los mismos en el momento de realizar una consulta o solicitud de informaci\u00f3n a trav\u00e9s de la cumplimentaci\u00f3n y env\u00edo del formulario de contacto contenido en la presente p\u00e1gina web o de suscripci\u00f3n al bolet\u00edn informativo o newsletter. Asimismo, la Sociedad est\u00e1 legitimada para el tratamiento de datos personales en cumplimiento de las obligaciones legales que le vengan impuestas o le resulten aplicables.<\/p>\n<h5>Conservaci\u00f3n de los datos<\/h5>\n<p>SUN FUN \u00ae conservar\u00e1 los datos personales proporcionados durante el tiempo necesario para la prestaci\u00f3n del servicio solicitado por el usuario y\/o para cumplir con la finalidad de tratamiento para la que se hayan recabado.<\/p>\n<p>En el caso de los datos personales obtenidos a trav\u00e9s del formulario de contacto de la presente web y siempre que los usuarios no hayan ejercido su derecho de supresi\u00f3n, \u00e9stos ser\u00e1n conservados durante los plazos legalmente establecidos.<\/p>\n<p>En el caso de datos facilitados por los usuarios para la suscripci\u00f3n al env\u00edo de boletines informativos y newsletters, \u00e9stos se conservar\u00e1n mientras los usuarios no se den de baja de dicho servicio mediante cualquiera de los medios que SUN FUN \u00ae pone a su disposici\u00f3n para ello.<\/p>\n<h5>Comunicaci\u00f3n de datos<\/h5>\n<p>Los datos personales recabados a trav\u00e9s de la presente p\u00e1gina web no ser\u00e1n comunicados a terceros salvo, en su caso, a autoridades competentes en el ejercicio de sus funciones o cuando resulte obligado a ello en cumplimiento de la normativa legal vigente.<\/p>\n<h5>Derechos de los interesados<\/h5>\n<p>SUN FUN \u00ae informa a los usuarios de los derechos que les asisten en relaci\u00f3n con la protecci\u00f3n de sus datos personales y que podr\u00e1n ejercitar en cualquier momento:<\/p>\n<ul>\n<li>\n<ul>\n<li><strong>Derecho de acceso:<\/strong> Los usuarios tienen derecho a acceder a los datos personales que est\u00e9n siendo tratados por SUN FUN \u00ae con el fin de conocer el tipo de datos y la finalidad para la que estamos tratando los mismos.<\/li>\n<li><strong>Derecho de rectificaci\u00f3n:<\/strong> En determinadas circunstancias, los usuarios tienen derecho a rectificar los datos personales facilitados cuando consideren que los mismos son inexactos o quieran actualizarlos.<\/li>\n<li><strong>Derecho de supresi\u00f3n:<\/strong> Cuando consideren que los datos ya no son necesarios para los fines para los que se facilitaron o bien hayan decidido que SUN FUN \u00ae no siga tratando sus datos personales, los usuarios tienen derecho a solicitar la supresi\u00f3n de los mismos.<\/li>\n<li><strong>Derecho de oposici\u00f3n:<\/strong> En determinadas circunstancias, los usuarios tendr\u00e1n derecho a oponerse al tratamiento de sus datos personales, en cuyo caso SUN FUN \u00ae estar\u00e1 obligado a cesar en dicho tratamiento, salvo que los mismos deban conservarse por motivos leg\u00edtimos o para hacer frente a posibles reclamaciones.<\/li>\n<li><strong>Derecho a la portabilidad de datos:<\/strong> Los usuarios podr\u00e1n solicitar que SUN FUN \u00ae le transmita, por escrito y en un formato estructurado, los datos personales facilitados a otro responsable de tratamiento.<\/li>\n<li><strong>Derecho a la limitaci\u00f3n del tratamiento:<\/strong> En determinadas circunstancias, los usuarios podr\u00e1n solicitar a SUN FUN \u00ae que limite el tratamiento de sus datos, en cuyo caso \u00fanicamente se conservar\u00e1n los datos sobre los que se haya solicitado dicha limitaci\u00f3n.<\/li>\n<\/ul>\n<\/li>\n<\/ul>\n<p>Para el ejercicio de cualquiera de los derechos enumerados anteriormente, los usuarios deber\u00e1n dirigir comunicaci\u00f3n escrita a alguna de las direcciones que se indican a continuaci\u00f3n, acreditando debidamente su identidad mediante copia, por ambas caras, del DNI, pasaporte u otro documento de identificaci\u00f3n:<\/p>\n<ul>\n<li>\n<ul>\n<li><strong>Por correo postal:<\/strong> a SUN FUN \u00ae , Calle, Dr.Agust\u00edn Millares Carlo n\u00b02<br \/>Bungalow 145 <br \/>Complejo Sonemar <br \/>Sonnenland,\u00a0Las Palmas de Gran Canaria (Espa\u00f1a).<\/li>\n<li><strong>Por correo electr\u00f3nico<\/strong>: a la direcci\u00f3n info@valentinoa22.sg-host.com.<\/li>\n<\/ul>\n<\/li>\n<\/ul>\n<p>Asimismo, SUN FUN \u00ae informa a los usuarios de que podr\u00e1n presentar una reclamaci\u00f3n ante la Agencia Espa\u00f1ola de Protecci\u00f3n de Datos por el tratamiento que la firma haya podido hacer de sus datos personales.<\/p>\n","protected":false},"excerpt":{"rendered":"<p>Pol\u00edtica de Privacidad Introducci\u00f3n A continuaci\u00f3n,\u00a0SUN FUN \u00ae pone a disposici\u00f3n de los usuarios la presente Pol\u00edtica de Privacidad, en la que se facilita informaci\u00f3n sobre el uso y tratamiento que realizaremos de sus datos personales en su condici\u00f3n de usuario de la presente p\u00e1gina web (en adelante \u201cla \u201cweb\u201d o el \u201cportal\u201d), as\u00ed como [&hellip;]<\/p>\n","protected":false},"author":1,"featured_media":0,"parent":0,"menu_order":0,"comment_status":"closed","ping_status":"closed","template":"","meta":{"footnotes":""},"class_list":["post-8067","page","type-page","status-publish","hentry"],"yoast_head":"<!-- This site is optimized with the Yoast SEO plugin v27.5 - https:\/\/yoast.com\/product\/yoast-seo-wordpress\/ -->\n<title>Pol\u00edtica de Privacidad | SUNFUN<\/title>\n<meta name=\"robots\" content=\"noindex, nofollow\" \/>\n<meta property=\"og:locale\" content=\"es_ES\" \/>\n<meta property=\"og:type\" content=\"article\" \/>\n<meta property=\"og:title\" content=\"Pol\u00edtica de Privacidad | SUNFUN\" \/>\n<meta property=\"og:description\" content=\"Pol\u00edtica de Privacidad Introducci\u00f3n A continuaci\u00f3n,\u00a0SUN FUN \u00ae pone a disposici\u00f3n de los usuarios la presente Pol\u00edtica de Privacidad, en la que se facilita informaci\u00f3n sobre el uso y tratamiento que realizaremos de sus datos personales en su condici\u00f3n de usuario de la presente p\u00e1gina web (en adelante \u201cla \u201cweb\u201d o el \u201cportal\u201d), as\u00ed como [&hellip;]\" \/>\n<meta property=\"og:url\" content=\"https:\/\/sunfun.es\/es\/politica-de-privacidad\/\" \/>\n<meta property=\"og:site_name\" content=\"SUNFUN\" \/>\n<meta property=\"article:modified_time\" content=\"2024-02-05T11:31:36+00:00\" \/>\n<meta property=\"og:image\" content=\"https:\/\/sunfun.es\/wp-content\/uploads\/2024\/02\/LogoSEO.png\" \/>\n\t<meta property=\"og:image:width\" content=\"1200\" \/>\n\t<meta property=\"og:image:height\" content=\"675\" \/>\n\t<meta property=\"og:image:type\" content=\"image\/png\" \/>\n<meta name=\"twitter:card\" content=\"summary_large_image\" \/>\n<meta name=\"twitter:label1\" content=\"Tiempo de lectura\" \/>\n\t<meta name=\"twitter:data1\" content=\"5 minutos\" \/>\n<script type=\"application\/ld+json\" class=\"yoast-schema-graph\">{\"@context\":\"https:\\\/\\\/schema.org\",\"@graph\":[{\"@type\":\"WebPage\",\"@id\":\"https:\\\/\\\/sunfun.es\\\/politica-de-privacidad\\\/\",\"url\":\"https:\\\/\\\/sunfun.es\\\/politica-de-privacidad\\\/\",\"name\":\"Pol\u00edtica de Privacidad | SUNFUN\",\"isPartOf\":{\"@id\":\"https:\\\/\\\/sunfun.es\\\/#website\"},\"datePublished\":\"2022-06-02T15:49:04+00:00\",\"dateModified\":\"2024-02-05T11:31:36+00:00\",\"breadcrumb\":{\"@id\":\"https:\\\/\\\/sunfun.es\\\/politica-de-privacidad\\\/#breadcrumb\"},\"inLanguage\":\"es\",\"potentialAction\":[{\"@type\":\"ReadAction\",\"target\":[\"https:\\\/\\\/sunfun.es\\\/politica-de-privacidad\\\/\"]}]},{\"@type\":\"BreadcrumbList\",\"@id\":\"https:\\\/\\\/sunfun.es\\\/politica-de-privacidad\\\/#breadcrumb\",\"itemListElement\":[{\"@type\":\"ListItem\",\"position\":1,\"name\":\"Portada\",\"item\":\"https:\\\/\\\/sunfun.es\\\/\"},{\"@type\":\"ListItem\",\"position\":2,\"name\":\"Pol\u00edtica de Privacidad\"}]},{\"@type\":\"WebSite\",\"@id\":\"https:\\\/\\\/sunfun.es\\\/#website\",\"url\":\"https:\\\/\\\/sunfun.es\\\/\",\"name\":\"SUNFUN\",\"description\":\"\u00a1Vive Gran Canaria!\",\"publisher\":{\"@id\":\"https:\\\/\\\/sunfun.es\\\/#organization\"},\"potentialAction\":[{\"@type\":\"SearchAction\",\"target\":{\"@type\":\"EntryPoint\",\"urlTemplate\":\"https:\\\/\\\/sunfun.es\\\/?s={search_term_string}\"},\"query-input\":{\"@type\":\"PropertyValueSpecification\",\"valueRequired\":true,\"valueName\":\"search_term_string\"}}],\"inLanguage\":\"es\"},{\"@type\":\"Organization\",\"@id\":\"https:\\\/\\\/sunfun.es\\\/#organization\",\"name\":\"SUNFUN\",\"url\":\"https:\\\/\\\/sunfun.es\\\/\",\"logo\":{\"@type\":\"ImageObject\",\"inLanguage\":\"es\",\"@id\":\"https:\\\/\\\/sunfun.es\\\/#\\\/schema\\\/logo\\\/image\\\/\",\"url\":\"https:\\\/\\\/sunfun.es\\\/wp-content\\\/uploads\\\/2024\\\/02\\\/LogoSEOPro.png\",\"contentUrl\":\"https:\\\/\\\/sunfun.es\\\/wp-content\\\/uploads\\\/2024\\\/02\\\/LogoSEOPro.png\",\"width\":696,\"height\":696,\"caption\":\"SUNFUN\"},\"image\":{\"@id\":\"https:\\\/\\\/sunfun.es\\\/#\\\/schema\\\/logo\\\/image\\\/\"},\"sameAs\":[\"https:\\\/\\\/www.instagram.com\\\/valentinoa22.sg-host.com\\\/\"]}]}<\/script>\n<!-- \/ Yoast SEO plugin. -->","yoast_head_json":{"title":"Pol\u00edtica de Privacidad | SUNFUN","robots":{"index":"noindex","follow":"nofollow"},"og_locale":"es_ES","og_type":"article","og_title":"Pol\u00edtica de Privacidad | SUNFUN","og_description":"Pol\u00edtica de Privacidad Introducci\u00f3n A continuaci\u00f3n,\u00a0SUN FUN \u00ae pone a disposici\u00f3n de los usuarios la presente Pol\u00edtica de Privacidad, en la que se facilita informaci\u00f3n sobre el uso y tratamiento que realizaremos de sus datos personales en su condici\u00f3n de usuario de la presente p\u00e1gina web (en adelante \u201cla \u201cweb\u201d o el \u201cportal\u201d), as\u00ed como [&hellip;]","og_url":"https:\/\/sunfun.es\/es\/politica-de-privacidad\/","og_site_name":"SUNFUN","article_modified_time":"2024-02-05T11:31:36+00:00","og_image":[{"width":1200,"height":675,"url":"https:\/\/sunfun.es\/wp-content\/uploads\/2024\/02\/LogoSEO.png","type":"image\/png"}],"twitter_card":"summary_large_image","twitter_misc":{"Tiempo de lectura":"5 minutos"},"schema":{"@context":"https:\/\/schema.org","@graph":[{"@type":"WebPage","@id":"https:\/\/sunfun.es\/politica-de-privacidad\/","url":"https:\/\/sunfun.es\/politica-de-privacidad\/","name":"Pol\u00edtica de Privacidad | SUNFUN","isPartOf":{"@id":"https:\/\/sunfun.es\/#website"},"datePublished":"2022-06-02T15:49:04+00:00","dateModified":"2024-02-05T11:31:36+00:00","breadcrumb":{"@id":"https:\/\/sunfun.es\/politica-de-privacidad\/#breadcrumb"},"inLanguage":"es","potentialAction":[{"@type":"ReadAction","target":["https:\/\/sunfun.es\/politica-de-privacidad\/"]}]},{"@type":"BreadcrumbList","@id":"https:\/\/sunfun.es\/politica-de-privacidad\/#breadcrumb","itemListElement":[{"@type":"ListItem","position":1,"name":"Portada","item":"https:\/\/sunfun.es\/"},{"@type":"ListItem","position":2,"name":"Pol\u00edtica de Privacidad"}]},{"@type":"WebSite","@id":"https:\/\/sunfun.es\/#website","url":"https:\/\/sunfun.es\/","name":"SUNFUN","description":"\u00a1Vive Gran Canaria!","publisher":{"@id":"https:\/\/sunfun.es\/#organization"},"potentialAction":[{"@type":"SearchAction","target":{"@type":"EntryPoint","urlTemplate":"https:\/\/sunfun.es\/?s={search_term_string}"},"query-input":{"@type":"PropertyValueSpecification","valueRequired":true,"valueName":"search_term_string"}}],"inLanguage":"es"},{"@type":"Organization","@id":"https:\/\/sunfun.es\/#organization","name":"SUNFUN","url":"https:\/\/sunfun.es\/","logo":{"@type":"ImageObject","inLanguage":"es","@id":"https:\/\/sunfun.es\/#\/schema\/logo\/image\/","url":"https:\/\/sunfun.es\/wp-content\/uploads\/2024\/02\/LogoSEOPro.png","contentUrl":"https:\/\/sunfun.es\/wp-content\/uploads\/2024\/02\/LogoSEOPro.png","width":696,"height":696,"caption":"SUNFUN"},"image":{"@id":"https:\/\/sunfun.es\/#\/schema\/logo\/image\/"},"sameAs":["https:\/\/www.instagram.com\/valentinoa22.sg-host.com\/"]}]}},"_links":{"self":[{"href":"https:\/\/sunfun.es\/es\/wp-json\/wp\/v2\/pages\/8067","targetHints":{"allow":["GET"]}}],"collection":[{"href":"https:\/\/sunfun.es\/es\/wp-json\/wp\/v2\/pages"}],"about":[{"href":"https:\/\/sunfun.es\/es\/wp-json\/wp\/v2\/types\/page"}],"author":[{"embeddable":true,"href":"https:\/\/sunfun.es\/es\/wp-json\/wp\/v2\/users\/1"}],"replies":[{"embeddable":true,"href":"https:\/\/sunfun.es\/es\/wp-json\/wp\/v2\/comments?post=8067"}],"version-history":[{"count":2,"href":"https:\/\/sunfun.es\/es\/wp-json\/wp\/v2\/pages\/8067\/revisions"}],"predecessor-version":[{"id":9140,"href":"https:\/\/sunfun.es\/es\/wp-json\/wp\/v2\/pages\/8067\/revisions\/9140"}],"wp:attachment":[{"href":"https:\/\/sunfun.es\/es\/wp-json\/wp\/v2\/media?parent=8067"}],"curies":[{"name":"wp","href":"https:\/\/api.w.org\/{rel}","templated":true}]}}