{"id":8080,"date":"2022-06-02T16:55:07","date_gmt":"2022-06-02T15:55:07","guid":{"rendered":"https:\/\/sunfun.es\/?page_id=8080"},"modified":"2024-02-05T11:31:27","modified_gmt":"2024-02-05T11:31:27","slug":"cookies","status":"publish","type":"page","link":"https:\/\/sunfun.es\/fr\/cookies\/","title":{"rendered":"Cookies"},"content":{"rendered":"<style>\/*! elementor - v3.6.5 - 27-04-2022 *\/\n.elementor-heading-title{padding:0;margin:0;line-height:1}.elementor-widget-heading .elementor-heading-title[class*=elementor-size-]>a{color:inherit;font-size:inherit;line-height:inherit}.elementor-widget-heading .elementor-heading-title.elementor-size-small{font-size:15px}.elementor-widget-heading .elementor-heading-title.elementor-size-medium{font-size:19px}.elementor-widget-heading .elementor-heading-title.elementor-size-large{font-size:29px}.elementor-widget-heading .elementor-heading-title.elementor-size-xl{font-size:39px}.elementor-widget-heading .elementor-heading-title.elementor-size-xxl{font-size:59px}<\/style>\n<h3>Cookies<\/h3>\n<h5>Entidad Responsable<\/h5>\n<p>Mediante este aviso, \u00abSUN FUN \u00ae\u00bb informa a los usuarios de la Web https:\/\/www.valentinoa22.sg-host.com (en adelante, la \u201cweb\u201d o el \u201cportal\u201d) acerca de su Pol\u00edtica de Cookies, para que tengan conocimiento de las cookies que ser\u00e1n utilizadas durante su navegaci\u00f3n y puedan prestar su consentimiento a las mismas.<\/p>\n<h5>\u00bfQu\u00e9 es una cookie?<\/h5>\n<p>Una cookie es un fichero que se descarga en su ordenador al acceder a determinadas p\u00e1ginas web. Las cookies permiten a una p\u00e1gina web, entre otras cosas, almacenar y recuperar informaci\u00f3n sobre los h\u00e1bitos de navegaci\u00f3n de un usuario o de su equipo y, dependiendo de la informaci\u00f3n que contengan y de la forma en que utilice su equipo, pueden utilizarse para reconocer al usuario. El navegador del usuario memoriza cookies en el disco duro solamente durante la sesi\u00f3n actual ocupando un espacio de memoria m\u00ednimo y no perjudicando al ordenador. Las cookies no contienen ninguna clase de informaci\u00f3n personal espec\u00edfica, y la mayor\u00eda de las mismas se borran del disco duro al finalizar la sesi\u00f3n de navegador (las denominadas cookies de sesi\u00f3n). La mayor\u00eda de los navegadores aceptan como est\u00e1ndar las cookies y, con independencia de las mismas, permiten o impiden, en los ajustes de seguridad, las cookies temporales o memorizadas. Sin su expreso consentimiento \u2013mediante la activaci\u00f3n de las cookies en su navegador SUN FUN\u00ae no enlazar\u00e1 en las cookies los datos memorizados con sus datos personales proporcionados en el momento del registro.<\/p>\n<h5>\u00bfQu\u00e9 tipos de cookies utiliza esta p\u00e1gina web?<\/h5>\n<p>Cookies t\u00e9cnicas: Son aqu\u00e9llas que permiten al usuario la navegaci\u00f3n a trav\u00e9s de una p\u00e1gina web, plataforma o aplicaci\u00f3n y la utilizaci\u00f3n de las diferentes opciones o servicios que en ella existan como, por ejemplo, controlar el tr\u00e1fico y la comunicaci\u00f3n de datos, identificar la sesi\u00f3n, acceder a partes de acceso restringido, realizar la solicitud de inscripci\u00f3n o participaci\u00f3n en un evento, utilizar elementos de seguridad durante la navegaci\u00f3n, almacenar contenidos para la difusi\u00f3n de videos o sonido o compartir contenidos a trav\u00e9s de redes sociales.<\/p>\n<ul>\n<li>\n<ul>\n<li><strong>Cookies de personalizaci\u00f3n:<\/strong> Son aqu\u00e9llas que permiten al usuario acceder al servicio con algunas caracter\u00edsticas de car\u00e1cter general predefinidas en funci\u00f3n de una serie de criterios en el terminal del usuario como por ejemplo serian el idioma, el tipo de navegador a trav\u00e9s del cual accede al servicio, la configuraci\u00f3n regional desde donde accede al servicio, etc.<\/li>\n<li><strong>Cookies de an\u00e1lisis:<\/strong> Son aqu\u00e9llas que bien tratadas por nosotros o por terceros, nos permiten cuantificar el n\u00famero de usuarios y as\u00ed realizar la medici\u00f3n y an\u00e1lisis estad\u00edstico de la utilizaci\u00f3n que hacen los usuarios del servicio ofertado. Para ello se analiza su navegaci\u00f3n en nuestra p\u00e1gina web con el fin de mejorar la oferta de productos o servicios que le ofrecemos.<\/li>\n<li><strong>Cookies de terceros:<\/strong>\u00a0SUN FUN \u00ae puede utilizar servicios de terceros que, por cuenta de terceros y en este caso, de SUN FUN \u00ae, que recopilan informaci\u00f3n con fines estad\u00edsticos del uso de la Web por parte de los Usuarios y para la prestaci\u00f3n de otros servicios relacionados con la actividad del Website y otros servicios de Internet.<\/li>\n<\/ul>\n<\/li>\n<\/ul>\n<p>En particular, este sitio Web utiliza Google Analytics, un servicio anal\u00edtico de web prestado por Google, Inc. con domicilio en Estados Unidos, sede central en 1600 Amphitheatre Parkway, Mountain View, California 94043. Para la prestaci\u00f3n de estos servicios, se utilizan cookies que recopilan informaci\u00f3n, incluida la direcci\u00f3n IP del Usuario, que ser\u00e1 transmitida, tratada y almacenada por Google en los t\u00e9rminos fijados en la Web Google.com. Se prev\u00e9 igualmente la posible transmisi\u00f3n de dicha informaci\u00f3n a terceros por razones de exigencia legal o cuando dichos terceros procesen la informaci\u00f3n por cuenta de Google.<\/p>\n<p>El Usuario acepta expresamente, por la utilizaci\u00f3n de este sitio Web, el tratamiento de la informaci\u00f3n recabada en la forma y con los fines anteriormente mencionados. Asimismo, reconoce conocer la posibilidad de rechazar el tratamiento de tales datos o informaci\u00f3n rechazando el uso de Cookies mediante la selecci\u00f3n de la configuraci\u00f3n apropiada a tal fin en su navegador, si bien esta opci\u00f3n de bloqueo de Cookies en su navegador puede no permitirle el pleno uso de todas las funcionalidades del sitio web.<\/p>\n<p>El usuario puede permitir, bloquear o eliminar las cookies instaladas en su equipo mediante la configuraci\u00f3n de las opciones del navegador instalado en su ordenador: Chrome Explorer Firefox Safari Si tiene dudas sobre esta Pol\u00edtica de Cookies, puede contactar con el coordinador de protecci\u00f3n de datos a la siguiente direcci\u00f3n de correo electr\u00f3nico: info@valentinoa22.sg-host.com. Los Usuarios tambi\u00e9n pueden presentar una reclamaci\u00f3n ante la Agencia Espa\u00f1ola de Protecci\u00f3n de Datos.<\/p>\n","protected":false},"excerpt":{"rendered":"<p>Cookies Entidad Responsable Mediante este aviso, \u00abSUN FUN \u00ae\u00bb informa a los usuarios de la Web https:\/\/www.valentinoa22.sg-host.com (en adelante, la \u201cweb\u201d o el \u201cportal\u201d) acerca de su Pol\u00edtica de Cookies, para que tengan conocimiento de las cookies que ser\u00e1n utilizadas durante su navegaci\u00f3n y puedan prestar su consentimiento a las mismas. \u00bfQu\u00e9 es una cookie? [&hellip;]<\/p>\n","protected":false},"author":1,"featured_media":0,"parent":0,"menu_order":0,"comment_status":"closed","ping_status":"closed","template":"","meta":{"footnotes":""},"class_list":["post-8080","page","type-page","status-publish","hentry"],"yoast_head":"<!-- This site is optimized with the Yoast SEO plugin v27.5 - https:\/\/yoast.com\/product\/yoast-seo-wordpress\/ -->\n<title>Cookies | SUNFUN<\/title>\n<meta name=\"robots\" content=\"noindex, nofollow\" \/>\n<meta property=\"og:locale\" content=\"fr_FR\" \/>\n<meta property=\"og:type\" content=\"article\" \/>\n<meta property=\"og:title\" content=\"Cookies | SUNFUN\" \/>\n<meta property=\"og:description\" content=\"Cookies Entidad Responsable Mediante este aviso, \u00abSUN FUN \u00ae\u00bb informa a los usuarios de la Web https:\/\/www.valentinoa22.sg-host.com (en adelante, la \u201cweb\u201d o el \u201cportal\u201d) acerca de su Pol\u00edtica de Cookies, para que tengan conocimiento de las cookies que ser\u00e1n utilizadas durante su navegaci\u00f3n y puedan prestar su consentimiento a las mismas. \u00bfQu\u00e9 es una cookie? [&hellip;]\" \/>\n<meta property=\"og:url\" content=\"https:\/\/sunfun.es\/fr\/cookies\/\" \/>\n<meta property=\"og:site_name\" content=\"SUNFUN\" \/>\n<meta property=\"article:modified_time\" content=\"2024-02-05T11:31:27+00:00\" \/>\n<meta property=\"og:image\" content=\"https:\/\/sunfun.es\/wp-content\/uploads\/2024\/02\/LogoSEO.png\" \/>\n\t<meta property=\"og:image:width\" content=\"1200\" \/>\n\t<meta property=\"og:image:height\" content=\"675\" \/>\n\t<meta property=\"og:image:type\" content=\"image\/png\" \/>\n<meta name=\"twitter:card\" content=\"summary_large_image\" \/>\n<meta name=\"twitter:label1\" content=\"Dur\u00e9e de lecture estim\u00e9e\" \/>\n\t<meta name=\"twitter:data1\" content=\"4 minutes\" \/>\n<script type=\"application\/ld+json\" class=\"yoast-schema-graph\">{\"@context\":\"https:\\\/\\\/schema.org\",\"@graph\":[{\"@type\":\"WebPage\",\"@id\":\"https:\\\/\\\/sunfun.es\\\/cookies\\\/\",\"url\":\"https:\\\/\\\/sunfun.es\\\/cookies\\\/\",\"name\":\"Cookies | SUNFUN\",\"isPartOf\":{\"@id\":\"https:\\\/\\\/sunfun.es\\\/#website\"},\"datePublished\":\"2022-06-02T15:55:07+00:00\",\"dateModified\":\"2024-02-05T11:31:27+00:00\",\"breadcrumb\":{\"@id\":\"https:\\\/\\\/sunfun.es\\\/cookies\\\/#breadcrumb\"},\"inLanguage\":\"fr-FR\",\"potentialAction\":[{\"@type\":\"ReadAction\",\"target\":[\"https:\\\/\\\/sunfun.es\\\/cookies\\\/\"]}]},{\"@type\":\"BreadcrumbList\",\"@id\":\"https:\\\/\\\/sunfun.es\\\/cookies\\\/#breadcrumb\",\"itemListElement\":[{\"@type\":\"ListItem\",\"position\":1,\"name\":\"Portada\",\"item\":\"https:\\\/\\\/sunfun.es\\\/\"},{\"@type\":\"ListItem\",\"position\":2,\"name\":\"Cookies\"}]},{\"@type\":\"WebSite\",\"@id\":\"https:\\\/\\\/sunfun.es\\\/#website\",\"url\":\"https:\\\/\\\/sunfun.es\\\/\",\"name\":\"SUNFUN\",\"description\":\"\u00a1Vive Gran Canaria!\",\"publisher\":{\"@id\":\"https:\\\/\\\/sunfun.es\\\/#organization\"},\"potentialAction\":[{\"@type\":\"SearchAction\",\"target\":{\"@type\":\"EntryPoint\",\"urlTemplate\":\"https:\\\/\\\/sunfun.es\\\/?s={search_term_string}\"},\"query-input\":{\"@type\":\"PropertyValueSpecification\",\"valueRequired\":true,\"valueName\":\"search_term_string\"}}],\"inLanguage\":\"fr-FR\"},{\"@type\":\"Organization\",\"@id\":\"https:\\\/\\\/sunfun.es\\\/#organization\",\"name\":\"SUNFUN\",\"url\":\"https:\\\/\\\/sunfun.es\\\/\",\"logo\":{\"@type\":\"ImageObject\",\"inLanguage\":\"fr-FR\",\"@id\":\"https:\\\/\\\/sunfun.es\\\/#\\\/schema\\\/logo\\\/image\\\/\",\"url\":\"https:\\\/\\\/sunfun.es\\\/wp-content\\\/uploads\\\/2024\\\/02\\\/LogoSEOPro.png\",\"contentUrl\":\"https:\\\/\\\/sunfun.es\\\/wp-content\\\/uploads\\\/2024\\\/02\\\/LogoSEOPro.png\",\"width\":696,\"height\":696,\"caption\":\"SUNFUN\"},\"image\":{\"@id\":\"https:\\\/\\\/sunfun.es\\\/#\\\/schema\\\/logo\\\/image\\\/\"},\"sameAs\":[\"https:\\\/\\\/www.instagram.com\\\/valentinoa22.sg-host.com\\\/\"]}]}<\/script>\n<!-- \/ Yoast SEO plugin. -->","yoast_head_json":{"title":"Cookies | SUNFUN","robots":{"index":"noindex","follow":"nofollow"},"og_locale":"fr_FR","og_type":"article","og_title":"Cookies | SUNFUN","og_description":"Cookies Entidad Responsable Mediante este aviso, \u00abSUN FUN \u00ae\u00bb informa a los usuarios de la Web https:\/\/www.valentinoa22.sg-host.com (en adelante, la \u201cweb\u201d o el \u201cportal\u201d) acerca de su Pol\u00edtica de Cookies, para que tengan conocimiento de las cookies que ser\u00e1n utilizadas durante su navegaci\u00f3n y puedan prestar su consentimiento a las mismas. \u00bfQu\u00e9 es una cookie? [&hellip;]","og_url":"https:\/\/sunfun.es\/fr\/cookies\/","og_site_name":"SUNFUN","article_modified_time":"2024-02-05T11:31:27+00:00","og_image":[{"width":1200,"height":675,"url":"https:\/\/sunfun.es\/wp-content\/uploads\/2024\/02\/LogoSEO.png","type":"image\/png"}],"twitter_card":"summary_large_image","twitter_misc":{"Dur\u00e9e de lecture estim\u00e9e":"4 minutes"},"schema":{"@context":"https:\/\/schema.org","@graph":[{"@type":"WebPage","@id":"https:\/\/sunfun.es\/cookies\/","url":"https:\/\/sunfun.es\/cookies\/","name":"Cookies | SUNFUN","isPartOf":{"@id":"https:\/\/sunfun.es\/#website"},"datePublished":"2022-06-02T15:55:07+00:00","dateModified":"2024-02-05T11:31:27+00:00","breadcrumb":{"@id":"https:\/\/sunfun.es\/cookies\/#breadcrumb"},"inLanguage":"fr-FR","potentialAction":[{"@type":"ReadAction","target":["https:\/\/sunfun.es\/cookies\/"]}]},{"@type":"BreadcrumbList","@id":"https:\/\/sunfun.es\/cookies\/#breadcrumb","itemListElement":[{"@type":"ListItem","position":1,"name":"Portada","item":"https:\/\/sunfun.es\/"},{"@type":"ListItem","position":2,"name":"Cookies"}]},{"@type":"WebSite","@id":"https:\/\/sunfun.es\/#website","url":"https:\/\/sunfun.es\/","name":"SUNFUN","description":"\u00a1Vive Gran Canaria!","publisher":{"@id":"https:\/\/sunfun.es\/#organization"},"potentialAction":[{"@type":"SearchAction","target":{"@type":"EntryPoint","urlTemplate":"https:\/\/sunfun.es\/?s={search_term_string}"},"query-input":{"@type":"PropertyValueSpecification","valueRequired":true,"valueName":"search_term_string"}}],"inLanguage":"fr-FR"},{"@type":"Organization","@id":"https:\/\/sunfun.es\/#organization","name":"SUNFUN","url":"https:\/\/sunfun.es\/","logo":{"@type":"ImageObject","inLanguage":"fr-FR","@id":"https:\/\/sunfun.es\/#\/schema\/logo\/image\/","url":"https:\/\/sunfun.es\/wp-content\/uploads\/2024\/02\/LogoSEOPro.png","contentUrl":"https:\/\/sunfun.es\/wp-content\/uploads\/2024\/02\/LogoSEOPro.png","width":696,"height":696,"caption":"SUNFUN"},"image":{"@id":"https:\/\/sunfun.es\/#\/schema\/logo\/image\/"},"sameAs":["https:\/\/www.instagram.com\/valentinoa22.sg-host.com\/"]}]}},"_links":{"self":[{"href":"https:\/\/sunfun.es\/fr\/wp-json\/wp\/v2\/pages\/8080","targetHints":{"allow":["GET"]}}],"collection":[{"href":"https:\/\/sunfun.es\/fr\/wp-json\/wp\/v2\/pages"}],"about":[{"href":"https:\/\/sunfun.es\/fr\/wp-json\/wp\/v2\/types\/page"}],"author":[{"embeddable":true,"href":"https:\/\/sunfun.es\/fr\/wp-json\/wp\/v2\/users\/1"}],"replies":[{"embeddable":true,"href":"https:\/\/sunfun.es\/fr\/wp-json\/wp\/v2\/comments?post=8080"}],"version-history":[{"count":2,"href":"https:\/\/sunfun.es\/fr\/wp-json\/wp\/v2\/pages\/8080\/revisions"}],"predecessor-version":[{"id":9138,"href":"https:\/\/sunfun.es\/fr\/wp-json\/wp\/v2\/pages\/8080\/revisions\/9138"}],"wp:attachment":[{"href":"https:\/\/sunfun.es\/fr\/wp-json\/wp\/v2\/media?parent=8080"}],"curies":[{"name":"wp","href":"https:\/\/api.w.org\/{rel}","templated":true}]}}